{"id":128,"date":"2023-11-06T11:12:10","date_gmt":"2023-11-06T10:12:10","guid":{"rendered":"https:\/\/vermietung.klaerwerk-krefeld.org\/?page_id=128"},"modified":"2025-10-15T09:22:43","modified_gmt":"2025-10-15T07:22:43","slug":"klaerhalle","status":"publish","type":"page","link":"https:\/\/location.klaerwerk-krefeld.org\/index.php\/klaerhalle\/","title":{"rendered":"Raum: Kl\u00e4rhalle"},"content":{"rendered":"\n<p>Mit rund 365m<sup>2<\/sup>, 17m H\u00f6he und 17m Spannweite ist dieser Teil des Kl\u00e4rwerks ein echter Hingucker. Hier wurde in zur\u00fcckliegenden Zeiten das Abwasser der gesamten Stadt gereinigt. Heute ist diese Funktion anhand der technischen Einbauten noch ablesbar. Die Halle hat deswegen einen geradezu magischen Zauber und ist ein beeindruckender Ort.<\/p>\n\n\n\n<figure class=\"wp-block-gallery has-nested-images columns-6 is-cropped wp-block-gallery-1 is-layout-flex wp-block-gallery-is-layout-flex\">\n<figure class=\"wp-block-image size-large\"><a href=\"https:\/\/vermietung.klaerwerk-krefeld.org\/wp-content\/uploads\/2023\/11\/IMG_7452-scaled.jpeg\"><img loading=\"lazy\" decoding=\"async\" width=\"1024\" height=\"768\" data-id=\"82\" src=\"https:\/\/vermietung.klaerwerk-krefeld.org\/wp-content\/uploads\/2023\/11\/IMG_7452-1024x768.jpeg\" alt=\"\" class=\"wp-image-82\" srcset=\"https:\/\/location.klaerwerk-krefeld.org\/wp-content\/uploads\/2023\/11\/IMG_7452-1024x768.jpeg 1024w, https:\/\/location.klaerwerk-krefeld.org\/wp-content\/uploads\/2023\/11\/IMG_7452-300x225.jpeg 300w, https:\/\/location.klaerwerk-krefeld.org\/wp-content\/uploads\/2023\/11\/IMG_7452-768x576.jpeg 768w, https:\/\/location.klaerwerk-krefeld.org\/wp-content\/uploads\/2023\/11\/IMG_7452-1536x1152.jpeg 1536w, https:\/\/location.klaerwerk-krefeld.org\/wp-content\/uploads\/2023\/11\/IMG_7452-2048x1536.jpeg 2048w\" sizes=\"auto, (max-width: 767px) 89vw, (max-width: 1000px) 54vw, (max-width: 1071px) 543px, 580px\" \/><\/a><\/figure>\n\n\n\n<figure class=\"wp-block-image size-large\"><a href=\"https:\/\/vermietung.klaerwerk-krefeld.org\/wp-content\/uploads\/2023\/11\/IMG_8005-scaled.jpeg\"><img loading=\"lazy\" decoding=\"async\" width=\"1024\" height=\"768\" data-id=\"80\" src=\"https:\/\/vermietung.klaerwerk-krefeld.org\/wp-content\/uploads\/2023\/11\/IMG_8005-1024x768.jpeg\" alt=\"\" class=\"wp-image-80\" srcset=\"https:\/\/location.klaerwerk-krefeld.org\/wp-content\/uploads\/2023\/11\/IMG_8005-1024x768.jpeg 1024w, https:\/\/location.klaerwerk-krefeld.org\/wp-content\/uploads\/2023\/11\/IMG_8005-300x225.jpeg 300w, https:\/\/location.klaerwerk-krefeld.org\/wp-content\/uploads\/2023\/11\/IMG_8005-768x576.jpeg 768w, https:\/\/location.klaerwerk-krefeld.org\/wp-content\/uploads\/2023\/11\/IMG_8005-1536x1152.jpeg 1536w, https:\/\/location.klaerwerk-krefeld.org\/wp-content\/uploads\/2023\/11\/IMG_8005-2048x1536.jpeg 2048w\" sizes=\"auto, (max-width: 767px) 89vw, (max-width: 1000px) 54vw, (max-width: 1071px) 543px, 580px\" \/><\/a><\/figure>\n\n\n\n<figure class=\"wp-block-image size-large\"><a href=\"https:\/\/vermietung.klaerwerk-krefeld.org\/wp-content\/uploads\/2023\/11\/IMG_8037-scaled.jpeg\"><img loading=\"lazy\" decoding=\"async\" width=\"1024\" height=\"768\" data-id=\"77\" src=\"https:\/\/vermietung.klaerwerk-krefeld.org\/wp-content\/uploads\/2023\/11\/IMG_8037-1024x768.jpeg\" alt=\"\" class=\"wp-image-77\" srcset=\"https:\/\/location.klaerwerk-krefeld.org\/wp-content\/uploads\/2023\/11\/IMG_8037-1024x768.jpeg 1024w, https:\/\/location.klaerwerk-krefeld.org\/wp-content\/uploads\/2023\/11\/IMG_8037-300x225.jpeg 300w, https:\/\/location.klaerwerk-krefeld.org\/wp-content\/uploads\/2023\/11\/IMG_8037-768x576.jpeg 768w, https:\/\/location.klaerwerk-krefeld.org\/wp-content\/uploads\/2023\/11\/IMG_8037-1536x1152.jpeg 1536w, https:\/\/location.klaerwerk-krefeld.org\/wp-content\/uploads\/2023\/11\/IMG_8037-2048x1536.jpeg 2048w\" sizes=\"auto, (max-width: 767px) 89vw, (max-width: 1000px) 54vw, (max-width: 1071px) 543px, 580px\" \/><\/a><\/figure>\n\n\n\n<figure class=\"wp-block-image size-large\"><a href=\"https:\/\/vermietung.klaerwerk-krefeld.org\/wp-content\/uploads\/2023\/11\/IMG_8044-scaled.jpeg\"><img loading=\"lazy\" decoding=\"async\" width=\"1024\" height=\"768\" data-id=\"76\" src=\"https:\/\/vermietung.klaerwerk-krefeld.org\/wp-content\/uploads\/2023\/11\/IMG_8044-1024x768.jpeg\" alt=\"\" class=\"wp-image-76\" srcset=\"https:\/\/location.klaerwerk-krefeld.org\/wp-content\/uploads\/2023\/11\/IMG_8044-1024x768.jpeg 1024w, https:\/\/location.klaerwerk-krefeld.org\/wp-content\/uploads\/2023\/11\/IMG_8044-300x225.jpeg 300w, https:\/\/location.klaerwerk-krefeld.org\/wp-content\/uploads\/2023\/11\/IMG_8044-768x576.jpeg 768w, https:\/\/location.klaerwerk-krefeld.org\/wp-content\/uploads\/2023\/11\/IMG_8044-1536x1152.jpeg 1536w, https:\/\/location.klaerwerk-krefeld.org\/wp-content\/uploads\/2023\/11\/IMG_8044-2048x1536.jpeg 2048w\" sizes=\"auto, (max-width: 767px) 89vw, (max-width: 1000px) 54vw, (max-width: 1071px) 543px, 580px\" \/><\/a><\/figure>\n\n\n\n<figure class=\"wp-block-image size-large\"><a href=\"https:\/\/vermietung.klaerwerk-krefeld.org\/wp-content\/uploads\/2023\/11\/IMG_8047-scaled.jpeg\"><img loading=\"lazy\" decoding=\"async\" width=\"1024\" height=\"768\" data-id=\"75\" src=\"https:\/\/vermietung.klaerwerk-krefeld.org\/wp-content\/uploads\/2023\/11\/IMG_8047-1024x768.jpeg\" alt=\"\" class=\"wp-image-75\" srcset=\"https:\/\/location.klaerwerk-krefeld.org\/wp-content\/uploads\/2023\/11\/IMG_8047-1024x768.jpeg 1024w, https:\/\/location.klaerwerk-krefeld.org\/wp-content\/uploads\/2023\/11\/IMG_8047-300x225.jpeg 300w, https:\/\/location.klaerwerk-krefeld.org\/wp-content\/uploads\/2023\/11\/IMG_8047-768x576.jpeg 768w, https:\/\/location.klaerwerk-krefeld.org\/wp-content\/uploads\/2023\/11\/IMG_8047-1536x1152.jpeg 1536w, https:\/\/location.klaerwerk-krefeld.org\/wp-content\/uploads\/2023\/11\/IMG_8047-2048x1536.jpeg 2048w\" sizes=\"auto, (max-width: 767px) 89vw, (max-width: 1000px) 54vw, (max-width: 1071px) 543px, 580px\" \/><\/a><\/figure>\n\n\n\n<figure class=\"wp-block-image size-large\"><a href=\"https:\/\/vermietung.klaerwerk-krefeld.org\/wp-content\/uploads\/2023\/11\/IMG_8270-scaled.jpeg\"><img loading=\"lazy\" decoding=\"async\" width=\"1024\" height=\"768\" data-id=\"53\" src=\"https:\/\/vermietung.klaerwerk-krefeld.org\/wp-content\/uploads\/2023\/11\/IMG_8270-1024x768.jpeg\" alt=\"\" class=\"wp-image-53\" srcset=\"https:\/\/location.klaerwerk-krefeld.org\/wp-content\/uploads\/2023\/11\/IMG_8270-1024x768.jpeg 1024w, https:\/\/location.klaerwerk-krefeld.org\/wp-content\/uploads\/2023\/11\/IMG_8270-300x225.jpeg 300w, https:\/\/location.klaerwerk-krefeld.org\/wp-content\/uploads\/2023\/11\/IMG_8270-768x576.jpeg 768w, https:\/\/location.klaerwerk-krefeld.org\/wp-content\/uploads\/2023\/11\/IMG_8270-1536x1152.jpeg 1536w, https:\/\/location.klaerwerk-krefeld.org\/wp-content\/uploads\/2023\/11\/IMG_8270-2048x1536.jpeg 2048w\" sizes=\"auto, (max-width: 767px) 89vw, (max-width: 1000px) 54vw, (max-width: 1071px) 543px, 580px\" \/><\/a><\/figure>\n\n\n\n<figure class=\"wp-block-image size-large\"><a href=\"https:\/\/location.klaerwerk-krefeld.org\/wp-content\/uploads\/2023\/12\/klaerwerk_uerdingen_15_11_2023_0031-0035_blend.jpg\"><img loading=\"lazy\" decoding=\"async\" width=\"683\" height=\"1024\" data-id=\"345\" src=\"https:\/\/location.klaerwerk-krefeld.org\/wp-content\/uploads\/2023\/12\/klaerwerk_uerdingen_15_11_2023_0031-0035_blend-683x1024.jpg\" alt=\"\" class=\"wp-image-345\" srcset=\"https:\/\/location.klaerwerk-krefeld.org\/wp-content\/uploads\/2023\/12\/klaerwerk_uerdingen_15_11_2023_0031-0035_blend-683x1024.jpg 683w, https:\/\/location.klaerwerk-krefeld.org\/wp-content\/uploads\/2023\/12\/klaerwerk_uerdingen_15_11_2023_0031-0035_blend-200x300.jpg 200w, https:\/\/location.klaerwerk-krefeld.org\/wp-content\/uploads\/2023\/12\/klaerwerk_uerdingen_15_11_2023_0031-0035_blend-768x1151.jpg 768w, https:\/\/location.klaerwerk-krefeld.org\/wp-content\/uploads\/2023\/12\/klaerwerk_uerdingen_15_11_2023_0031-0035_blend-1025x1536.jpg 1025w, https:\/\/location.klaerwerk-krefeld.org\/wp-content\/uploads\/2023\/12\/klaerwerk_uerdingen_15_11_2023_0031-0035_blend.jpg 1366w\" sizes=\"auto, (max-width: 683px) 100vw, 683px\" \/><\/a><\/figure>\n\n\n\n<figure class=\"wp-block-image size-large\"><a href=\"https:\/\/location.klaerwerk-krefeld.org\/wp-content\/uploads\/2025\/04\/IMG_2718-scaled.jpeg\"><img loading=\"lazy\" decoding=\"async\" width=\"768\" height=\"1024\" data-id=\"600\" src=\"https:\/\/location.klaerwerk-krefeld.org\/wp-content\/uploads\/2025\/04\/IMG_2718-768x1024.jpeg\" alt=\"\" class=\"wp-image-600\" srcset=\"https:\/\/location.klaerwerk-krefeld.org\/wp-content\/uploads\/2025\/04\/IMG_2718-768x1024.jpeg 768w, https:\/\/location.klaerwerk-krefeld.org\/wp-content\/uploads\/2025\/04\/IMG_2718-225x300.jpeg 225w, https:\/\/location.klaerwerk-krefeld.org\/wp-content\/uploads\/2025\/04\/IMG_2718-1152x1536.jpeg 1152w, https:\/\/location.klaerwerk-krefeld.org\/wp-content\/uploads\/2025\/04\/IMG_2718-1536x2048.jpeg 1536w, https:\/\/location.klaerwerk-krefeld.org\/wp-content\/uploads\/2025\/04\/IMG_2718-scaled.jpeg 1920w\" sizes=\"auto, (max-width: 767px) 89vw, (max-width: 1000px) 54vw, (max-width: 1071px) 543px, 580px\" \/><\/a><\/figure>\n<\/figure>\n\n\n\n<p>Daten:<br><br>365m<sup>2<\/sup>, 17m breit, 25m lang, 17m hoch<br> Architekturbeleuchtung<br>professionelles Sound-System<br>B\u00fchnen 4-24m<sup>2<\/sup> <br>Bestuhlung bis zu 199 Personen<br>Kraftstrom<br>Ebenerdig zug\u00e4nglich<br>Barrierefrei<br><\/p>\n","protected":false},"excerpt":{"rendered":"<p>Mit rund 365m2, 17m H\u00f6he und 17m Spannweite ist dieser Teil des Kl\u00e4rwerks ein echter Hingucker. Hier wurde in zur\u00fcckliegenden Zeiten das Abwasser der gesamten Stadt gereinigt. Heute ist diese Funktion anhand der technischen Einbauten noch ablesbar. Die Halle hat deswegen einen geradezu magischen Zauber und ist ein beeindruckender Ort. Daten: 365m2, 17m breit, 25m &hellip; <\/p>\n<p class=\"link-more\"><a href=\"https:\/\/location.klaerwerk-krefeld.org\/index.php\/klaerhalle\/\" class=\"more-link\"><span class=\"screen-reader-text\">\u201eRaum: Kl\u00e4rhalle\u201c <\/span>weiterlesen<\/a><\/p>\n","protected":false},"author":1,"featured_media":603,"parent":0,"menu_order":0,"comment_status":"closed","ping_status":"closed","template":"","meta":{"footnotes":""},"class_list":["post-128","page","type-page","status-publish","has-post-thumbnail","hentry"],"_links":{"self":[{"href":"https:\/\/location.klaerwerk-krefeld.org\/index.php\/wp-json\/wp\/v2\/pages\/128","targetHints":{"allow":["GET"]}}],"collection":[{"href":"https:\/\/location.klaerwerk-krefeld.org\/index.php\/wp-json\/wp\/v2\/pages"}],"about":[{"href":"https:\/\/location.klaerwerk-krefeld.org\/index.php\/wp-json\/wp\/v2\/types\/page"}],"author":[{"embeddable":true,"href":"https:\/\/location.klaerwerk-krefeld.org\/index.php\/wp-json\/wp\/v2\/users\/1"}],"replies":[{"embeddable":true,"href":"https:\/\/location.klaerwerk-krefeld.org\/index.php\/wp-json\/wp\/v2\/comments?post=128"}],"version-history":[{"count":14,"href":"https:\/\/location.klaerwerk-krefeld.org\/index.php\/wp-json\/wp\/v2\/pages\/128\/revisions"}],"predecessor-version":[{"id":751,"href":"https:\/\/location.klaerwerk-krefeld.org\/index.php\/wp-json\/wp\/v2\/pages\/128\/revisions\/751"}],"wp:featuredmedia":[{"embeddable":true,"href":"https:\/\/location.klaerwerk-krefeld.org\/index.php\/wp-json\/wp\/v2\/media\/603"}],"wp:attachment":[{"href":"https:\/\/location.klaerwerk-krefeld.org\/index.php\/wp-json\/wp\/v2\/media?parent=128"}],"curies":[{"name":"wp","href":"https:\/\/api.w.org\/{rel}","templated":true}]}}