{"id":131,"date":"2023-11-06T11:13:53","date_gmt":"2023-11-06T10:13:53","guid":{"rendered":"https:\/\/vermietung.klaerwerk-krefeld.org\/?page_id=131"},"modified":"2025-10-15T09:17:22","modified_gmt":"2025-10-15T07:17:22","slug":"pumpenhalle","status":"publish","type":"page","link":"https:\/\/location.klaerwerk-krefeld.org\/index.php\/pumpenhalle\/","title":{"rendered":"Raum: Pumpenhalle"},"content":{"rendered":"\n<p>Authentische Architektur, lichtdurchflutet \u2013 mit rund 115m<sup>2<\/sup> bildet die historische Pumpenhalle ein lichtdurchflutetes Ambiente.<\/p>\n\n\n\n<p>Hier treffen Jugendstil- Rundbogenfenster auf spiegelnd blanke Kacheln, der Terrazzo Fu\u00dfboden schimmert, zusammen mit den ursprungsbelassenen W\u00e4nden ergibt dies eine einzigartige feierliche Stimmung. <\/p>\n\n\n\n<p>Urspr\u00fcnglich standen hier Hochwasserpumpen die das gereinigte Abwasser in den Rhein pumpten. Heute finden hier u.A. Ausstellungen, Meetings, Pr\u00e4sentationen statt. <\/p>\n\n\n\n<figure class=\"wp-block-gallery has-nested-images columns-default is-cropped wp-block-gallery-1 is-layout-flex wp-block-gallery-is-layout-flex\">\n<figure class=\"wp-block-image size-large\"><a href=\"https:\/\/location.klaerwerk-krefeld.org\/wp-content\/uploads\/2025\/06\/IMG_6013-scaled-1.jpg\"><img loading=\"lazy\" decoding=\"async\" width=\"1024\" height=\"768\" data-id=\"661\" src=\"https:\/\/location.klaerwerk-krefeld.org\/wp-content\/uploads\/2025\/06\/IMG_6013-scaled-1-1024x768.jpg\" alt=\"\" class=\"wp-image-661\" srcset=\"https:\/\/location.klaerwerk-krefeld.org\/wp-content\/uploads\/2025\/06\/IMG_6013-scaled-1-1024x768.jpg 1024w, https:\/\/location.klaerwerk-krefeld.org\/wp-content\/uploads\/2025\/06\/IMG_6013-scaled-1-300x225.jpg 300w, https:\/\/location.klaerwerk-krefeld.org\/wp-content\/uploads\/2025\/06\/IMG_6013-scaled-1-768x576.jpg 768w, https:\/\/location.klaerwerk-krefeld.org\/wp-content\/uploads\/2025\/06\/IMG_6013-scaled-1-1536x1152.jpg 1536w, https:\/\/location.klaerwerk-krefeld.org\/wp-content\/uploads\/2025\/06\/IMG_6013-scaled-1-2048x1536.jpg 2048w\" sizes=\"auto, (max-width: 767px) 89vw, (max-width: 1000px) 54vw, (max-width: 1071px) 543px, 580px\" \/><\/a><\/figure>\n\n\n\n<figure data-wp-context=\"{&quot;imageId&quot;:&quot;69e6e84018bd5&quot;}\" data-wp-interactive=\"core\/image\" data-wp-key=\"69e6e84018bd5\" class=\"wp-block-image size-large wp-lightbox-container\"><img loading=\"lazy\" decoding=\"async\" width=\"1024\" height=\"768\" data-wp-class--hide=\"state.isContentHidden\" data-wp-class--show=\"state.isContentVisible\" data-wp-init=\"callbacks.setButtonStyles\" data-wp-on--click=\"actions.showLightbox\" data-wp-on--load=\"callbacks.setButtonStyles\" data-wp-on-window--resize=\"callbacks.setButtonStyles\" data-id=\"176\" src=\"https:\/\/location.klaerwerk-krefeld.org\/wp-content\/uploads\/2023\/11\/IMG_6027-1024x768.jpeg\" alt=\"\" class=\"wp-image-176\" srcset=\"https:\/\/location.klaerwerk-krefeld.org\/wp-content\/uploads\/2023\/11\/IMG_6027-1024x768.jpeg 1024w, https:\/\/location.klaerwerk-krefeld.org\/wp-content\/uploads\/2023\/11\/IMG_6027-300x225.jpeg 300w, https:\/\/location.klaerwerk-krefeld.org\/wp-content\/uploads\/2023\/11\/IMG_6027-768x576.jpeg 768w, https:\/\/location.klaerwerk-krefeld.org\/wp-content\/uploads\/2023\/11\/IMG_6027-1536x1152.jpeg 1536w, https:\/\/location.klaerwerk-krefeld.org\/wp-content\/uploads\/2023\/11\/IMG_6027-2048x1536.jpeg 2048w\" sizes=\"auto, (max-width: 767px) 89vw, (max-width: 1000px) 54vw, (max-width: 1071px) 543px, 580px\" \/><button\n\t\t\tclass=\"lightbox-trigger\"\n\t\t\ttype=\"button\"\n\t\t\taria-haspopup=\"dialog\"\n\t\t\taria-label=\"Vergr\u00f6\u00dfern\"\n\t\t\tdata-wp-init=\"callbacks.initTriggerButton\"\n\t\t\tdata-wp-on--click=\"actions.showLightbox\"\n\t\t\tdata-wp-style--right=\"state.imageButtonRight\"\n\t\t\tdata-wp-style--top=\"state.imageButtonTop\"\n\t\t>\n\t\t\t<svg xmlns=\"http:\/\/www.w3.org\/2000\/svg\" width=\"12\" height=\"12\" fill=\"none\" viewBox=\"0 0 12 12\">\n\t\t\t\t<path fill=\"#fff\" d=\"M2 0a2 2 0 0 0-2 2v2h1.5V2a.5.5 0 0 1 .5-.5h2V0H2Zm2 10.5H2a.5.5 0 0 1-.5-.5V8H0v2a2 2 0 0 0 2 2h2v-1.5ZM8 12v-1.5h2a.5.5 0 0 0 .5-.5V8H12v2a2 2 0 0 1-2 2H8Zm2-12a2 2 0 0 1 2 2v2h-1.5V2a.5.5 0 0 0-.5-.5H8V0h2Z\" \/>\n\t\t\t<\/svg>\n\t\t<\/button><\/figure>\n\n\n\n<figure data-wp-context=\"{&quot;imageId&quot;:&quot;69e6e84019252&quot;}\" data-wp-interactive=\"core\/image\" data-wp-key=\"69e6e84019252\" class=\"wp-block-image size-large wp-lightbox-container\"><img loading=\"lazy\" decoding=\"async\" width=\"1024\" height=\"680\" data-wp-class--hide=\"state.isContentHidden\" data-wp-class--show=\"state.isContentVisible\" data-wp-init=\"callbacks.setButtonStyles\" data-wp-on--click=\"actions.showLightbox\" data-wp-on--load=\"callbacks.setButtonStyles\" data-wp-on-window--resize=\"callbacks.setButtonStyles\" data-id=\"179\" src=\"https:\/\/location.klaerwerk-krefeld.org\/wp-content\/uploads\/2023\/11\/IMG_6851-1-1024x680.jpg\" alt=\"\" class=\"wp-image-179\" srcset=\"https:\/\/location.klaerwerk-krefeld.org\/wp-content\/uploads\/2023\/11\/IMG_6851-1-1024x680.jpg 1024w, https:\/\/location.klaerwerk-krefeld.org\/wp-content\/uploads\/2023\/11\/IMG_6851-1-300x199.jpg 300w, https:\/\/location.klaerwerk-krefeld.org\/wp-content\/uploads\/2023\/11\/IMG_6851-1-768x510.jpg 768w, https:\/\/location.klaerwerk-krefeld.org\/wp-content\/uploads\/2023\/11\/IMG_6851-1.jpg 1079w\" sizes=\"auto, (max-width: 767px) 89vw, (max-width: 1000px) 54vw, (max-width: 1071px) 543px, 580px\" \/><button\n\t\t\tclass=\"lightbox-trigger\"\n\t\t\ttype=\"button\"\n\t\t\taria-haspopup=\"dialog\"\n\t\t\taria-label=\"Vergr\u00f6\u00dfern\"\n\t\t\tdata-wp-init=\"callbacks.initTriggerButton\"\n\t\t\tdata-wp-on--click=\"actions.showLightbox\"\n\t\t\tdata-wp-style--right=\"state.imageButtonRight\"\n\t\t\tdata-wp-style--top=\"state.imageButtonTop\"\n\t\t>\n\t\t\t<svg xmlns=\"http:\/\/www.w3.org\/2000\/svg\" width=\"12\" height=\"12\" fill=\"none\" viewBox=\"0 0 12 12\">\n\t\t\t\t<path fill=\"#fff\" d=\"M2 0a2 2 0 0 0-2 2v2h1.5V2a.5.5 0 0 1 .5-.5h2V0H2Zm2 10.5H2a.5.5 0 0 1-.5-.5V8H0v2a2 2 0 0 0 2 2h2v-1.5ZM8 12v-1.5h2a.5.5 0 0 0 .5-.5V8H12v2a2 2 0 0 1-2 2H8Zm2-12a2 2 0 0 1 2 2v2h-1.5V2a.5.5 0 0 0-.5-.5H8V0h2Z\" \/>\n\t\t\t<\/svg>\n\t\t<\/button><\/figure>\n\n\n\n<figure class=\"wp-block-image size-large\"><a href=\"https:\/\/location.klaerwerk-krefeld.org\/wp-content\/uploads\/2025\/06\/IMG_8261-scaled-1.jpeg\"><img loading=\"lazy\" decoding=\"async\" width=\"1024\" height=\"731\" data-id=\"663\" src=\"https:\/\/location.klaerwerk-krefeld.org\/wp-content\/uploads\/2025\/06\/IMG_8261-scaled-1-1024x731.jpeg\" alt=\"\" class=\"wp-image-663\" srcset=\"https:\/\/location.klaerwerk-krefeld.org\/wp-content\/uploads\/2025\/06\/IMG_8261-scaled-1-1024x731.jpeg 1024w, https:\/\/location.klaerwerk-krefeld.org\/wp-content\/uploads\/2025\/06\/IMG_8261-scaled-1-300x214.jpeg 300w, https:\/\/location.klaerwerk-krefeld.org\/wp-content\/uploads\/2025\/06\/IMG_8261-scaled-1-768x548.jpeg 768w, https:\/\/location.klaerwerk-krefeld.org\/wp-content\/uploads\/2025\/06\/IMG_8261-scaled-1-1536x1096.jpeg 1536w, https:\/\/location.klaerwerk-krefeld.org\/wp-content\/uploads\/2025\/06\/IMG_8261-scaled-1.jpeg 1600w\" sizes=\"auto, (max-width: 767px) 89vw, (max-width: 1000px) 54vw, (max-width: 1071px) 543px, 580px\" \/><\/a><\/figure>\n\n\n\n<figure class=\"wp-block-image size-large\"><a href=\"https:\/\/vermietung.klaerwerk-krefeld.org\/wp-content\/uploads\/2023\/11\/IMG_4685-scaled.jpeg\"><img loading=\"lazy\" decoding=\"async\" width=\"1024\" height=\"768\" data-id=\"37\" src=\"https:\/\/vermietung.klaerwerk-krefeld.org\/wp-content\/uploads\/2023\/11\/IMG_4685-1024x768.jpeg\" alt=\"\" class=\"wp-image-37\" srcset=\"https:\/\/location.klaerwerk-krefeld.org\/wp-content\/uploads\/2023\/11\/IMG_4685-1024x768.jpeg 1024w, https:\/\/location.klaerwerk-krefeld.org\/wp-content\/uploads\/2023\/11\/IMG_4685-300x225.jpeg 300w, https:\/\/location.klaerwerk-krefeld.org\/wp-content\/uploads\/2023\/11\/IMG_4685-768x576.jpeg 768w, https:\/\/location.klaerwerk-krefeld.org\/wp-content\/uploads\/2023\/11\/IMG_4685-1536x1152.jpeg 1536w, https:\/\/location.klaerwerk-krefeld.org\/wp-content\/uploads\/2023\/11\/IMG_4685-2048x1536.jpeg 2048w\" sizes=\"auto, (max-width: 767px) 89vw, (max-width: 1000px) 54vw, (max-width: 1071px) 543px, 580px\" \/><\/a><\/figure>\n\n\n\n<figure class=\"wp-block-image size-large\"><a href=\"https:\/\/vermietung.klaerwerk-krefeld.org\/wp-content\/uploads\/2023\/11\/a6e53456-4c90-41d6-aca3-0b685efc4a51.jpg\"><img loading=\"lazy\" decoding=\"async\" width=\"1024\" height=\"478\" data-id=\"99\" src=\"https:\/\/vermietung.klaerwerk-krefeld.org\/wp-content\/uploads\/2023\/11\/a6e53456-4c90-41d6-aca3-0b685efc4a51-1024x478.jpg\" alt=\"\" class=\"wp-image-99\" srcset=\"https:\/\/location.klaerwerk-krefeld.org\/wp-content\/uploads\/2023\/11\/a6e53456-4c90-41d6-aca3-0b685efc4a51-1024x478.jpg 1024w, https:\/\/location.klaerwerk-krefeld.org\/wp-content\/uploads\/2023\/11\/a6e53456-4c90-41d6-aca3-0b685efc4a51-300x140.jpg 300w, https:\/\/location.klaerwerk-krefeld.org\/wp-content\/uploads\/2023\/11\/a6e53456-4c90-41d6-aca3-0b685efc4a51-768x359.jpg 768w, https:\/\/location.klaerwerk-krefeld.org\/wp-content\/uploads\/2023\/11\/a6e53456-4c90-41d6-aca3-0b685efc4a51-1536x717.jpg 1536w, https:\/\/location.klaerwerk-krefeld.org\/wp-content\/uploads\/2023\/11\/a6e53456-4c90-41d6-aca3-0b685efc4a51.jpg 2000w\" sizes=\"auto, (max-width: 767px) 89vw, (max-width: 1000px) 54vw, (max-width: 1071px) 543px, 580px\" \/><\/a><\/figure>\n<\/figure>\n\n\n\n<p>115m2, 10 L\u00e4nge x 15 Breite, ca. 14m H\u00f6he<br>Hell, tageslicht<br>Indirekte Beleuchtung<\/p>\n","protected":false},"excerpt":{"rendered":"<p>Authentische Architektur, lichtdurchflutet \u2013 mit rund 115m2 bildet die historische Pumpenhalle ein lichtdurchflutetes Ambiente. Hier treffen Jugendstil- Rundbogenfenster auf spiegelnd blanke Kacheln, der Terrazzo Fu\u00dfboden schimmert, zusammen mit den ursprungsbelassenen W\u00e4nden ergibt dies eine einzigartige feierliche Stimmung. Urspr\u00fcnglich standen hier Hochwasserpumpen die das gereinigte Abwasser in den Rhein pumpten. Heute finden hier u.A. Ausstellungen, Meetings, &hellip; <\/p>\n<p class=\"link-more\"><a href=\"https:\/\/location.klaerwerk-krefeld.org\/index.php\/pumpenhalle\/\" class=\"more-link\"><span class=\"screen-reader-text\">\u201eRaum: Pumpenhalle\u201c <\/span>weiterlesen<\/a><\/p>\n","protected":false},"author":1,"featured_media":104,"parent":0,"menu_order":0,"comment_status":"closed","ping_status":"closed","template":"","meta":{"footnotes":""},"class_list":["post-131","page","type-page","status-publish","has-post-thumbnail","hentry"],"_links":{"self":[{"href":"https:\/\/location.klaerwerk-krefeld.org\/index.php\/wp-json\/wp\/v2\/pages\/131","targetHints":{"allow":["GET"]}}],"collection":[{"href":"https:\/\/location.klaerwerk-krefeld.org\/index.php\/wp-json\/wp\/v2\/pages"}],"about":[{"href":"https:\/\/location.klaerwerk-krefeld.org\/index.php\/wp-json\/wp\/v2\/types\/page"}],"author":[{"embeddable":true,"href":"https:\/\/location.klaerwerk-krefeld.org\/index.php\/wp-json\/wp\/v2\/users\/1"}],"replies":[{"embeddable":true,"href":"https:\/\/location.klaerwerk-krefeld.org\/index.php\/wp-json\/wp\/v2\/comments?post=131"}],"version-history":[{"count":20,"href":"https:\/\/location.klaerwerk-krefeld.org\/index.php\/wp-json\/wp\/v2\/pages\/131\/revisions"}],"predecessor-version":[{"id":748,"href":"https:\/\/location.klaerwerk-krefeld.org\/index.php\/wp-json\/wp\/v2\/pages\/131\/revisions\/748"}],"wp:featuredmedia":[{"embeddable":true,"href":"https:\/\/location.klaerwerk-krefeld.org\/index.php\/wp-json\/wp\/v2\/media\/104"}],"wp:attachment":[{"href":"https:\/\/location.klaerwerk-krefeld.org\/index.php\/wp-json\/wp\/v2\/media?parent=131"}],"curies":[{"name":"wp","href":"https:\/\/api.w.org\/{rel}","templated":true}]}}