{"id":132,"date":"2023-11-06T11:13:53","date_gmt":"2023-11-06T10:13:53","guid":{"rendered":"https:\/\/vermietung.klaerwerk-krefeld.org\/?page_id=132"},"modified":"2025-06-25T17:23:03","modified_gmt":"2025-06-25T15:23:03","slug":"foyer","status":"publish","type":"page","link":"https:\/\/location.klaerwerk-krefeld.org\/index.php\/foyer\/","title":{"rendered":"Raum: Foyer"},"content":{"rendered":"\n<p>Ein multifunktional nutzbarer Raum mit ann\u00e4hernd 65m3 ist die historische Werkstatt, gelegen zwichen Kl\u00e4r- und Pumpenhalle. Urspr\u00fcnglich wurde hier die Ersatzteile f\u00fcr die Abwasser-Rechen hergestellt. Heute ist hier ein wandelbar Raum, der als Foyer, Empfang, oder aber \u201eKl\u00e4rbar\u201c genutzt werden kann.<\/p>\n\n\n\n<figure class=\"wp-block-gallery has-nested-images columns-3 is-cropped wp-block-gallery-1 is-layout-flex wp-block-gallery-is-layout-flex\">\n<figure class=\"wp-block-image size-large\"><a href=\"https:\/\/location.klaerwerk-krefeld.org\/wp-content\/uploads\/2023\/11\/IMG_8085-scaled-e1699292707287.jpeg\"><img loading=\"lazy\" decoding=\"async\" width=\"1024\" height=\"496\" data-id=\"197\" src=\"https:\/\/location.klaerwerk-krefeld.org\/wp-content\/uploads\/2023\/11\/IMG_8085-scaled-e1699292707287-1024x496.jpeg\" alt=\"\" class=\"wp-image-197\" srcset=\"https:\/\/location.klaerwerk-krefeld.org\/wp-content\/uploads\/2023\/11\/IMG_8085-scaled-e1699292707287-1024x496.jpeg 1024w, https:\/\/location.klaerwerk-krefeld.org\/wp-content\/uploads\/2023\/11\/IMG_8085-scaled-e1699292707287-300x145.jpeg 300w, https:\/\/location.klaerwerk-krefeld.org\/wp-content\/uploads\/2023\/11\/IMG_8085-scaled-e1699292707287-768x372.jpeg 768w, https:\/\/location.klaerwerk-krefeld.org\/wp-content\/uploads\/2023\/11\/IMG_8085-scaled-e1699292707287-1536x745.jpeg 1536w, https:\/\/location.klaerwerk-krefeld.org\/wp-content\/uploads\/2023\/11\/IMG_8085-scaled-e1699292707287-2048x993.jpeg 2048w\" sizes=\"auto, (max-width: 767px) 89vw, (max-width: 1000px) 54vw, (max-width: 1071px) 543px, 580px\" \/><\/a><\/figure>\n\n\n\n<figure class=\"wp-block-image size-large\"><img loading=\"lazy\" decoding=\"async\" width=\"768\" height=\"1024\" data-id=\"684\" src=\"https:\/\/location.klaerwerk-krefeld.org\/wp-content\/uploads\/2025\/06\/IMG_3504-768x1024.jpeg\" alt=\"\" class=\"wp-image-684\" srcset=\"https:\/\/location.klaerwerk-krefeld.org\/wp-content\/uploads\/2025\/06\/IMG_3504-768x1024.jpeg 768w, https:\/\/location.klaerwerk-krefeld.org\/wp-content\/uploads\/2025\/06\/IMG_3504-225x300.jpeg 225w, https:\/\/location.klaerwerk-krefeld.org\/wp-content\/uploads\/2025\/06\/IMG_3504-1152x1536.jpeg 1152w, https:\/\/location.klaerwerk-krefeld.org\/wp-content\/uploads\/2025\/06\/IMG_3504-1536x2048.jpeg 1536w, https:\/\/location.klaerwerk-krefeld.org\/wp-content\/uploads\/2025\/06\/IMG_3504-scaled.jpeg 1920w\" sizes=\"auto, (max-width: 767px) 89vw, (max-width: 1000px) 54vw, (max-width: 1071px) 543px, 580px\" \/><\/figure>\n\n\n\n<figure class=\"wp-block-image size-large\"><a href=\"https:\/\/location.klaerwerk-krefeld.org\/wp-content\/uploads\/2023\/11\/LHE4812_b1-scaled.jpg\"><img loading=\"lazy\" decoding=\"async\" width=\"683\" height=\"1024\" data-id=\"191\" src=\"https:\/\/location.klaerwerk-krefeld.org\/wp-content\/uploads\/2023\/11\/LHE4812_b1-683x1024.jpg\" alt=\"\" class=\"wp-image-191\" srcset=\"https:\/\/location.klaerwerk-krefeld.org\/wp-content\/uploads\/2023\/11\/LHE4812_b1-683x1024.jpg 683w, https:\/\/location.klaerwerk-krefeld.org\/wp-content\/uploads\/2023\/11\/LHE4812_b1-200x300.jpg 200w, https:\/\/location.klaerwerk-krefeld.org\/wp-content\/uploads\/2023\/11\/LHE4812_b1-768x1152.jpg 768w, https:\/\/location.klaerwerk-krefeld.org\/wp-content\/uploads\/2023\/11\/LHE4812_b1-1024x1536.jpg 1024w, https:\/\/location.klaerwerk-krefeld.org\/wp-content\/uploads\/2023\/11\/LHE4812_b1-1365x2048.jpg 1365w, https:\/\/location.klaerwerk-krefeld.org\/wp-content\/uploads\/2023\/11\/LHE4812_b1-scaled.jpg 1707w\" sizes=\"auto, (max-width: 683px) 100vw, 683px\" \/><\/a><\/figure>\n\n\n\n<figure class=\"wp-block-image size-large\"><a href=\"https:\/\/location.klaerwerk-krefeld.org\/wp-content\/uploads\/2023\/11\/IMG_7449-1-scaled-e1699293055394.jpeg\"><img loading=\"lazy\" decoding=\"async\" width=\"1024\" height=\"363\" data-id=\"200\" src=\"https:\/\/location.klaerwerk-krefeld.org\/wp-content\/uploads\/2023\/11\/IMG_7449-1-scaled-e1699293055394-1024x363.jpeg\" alt=\"\" class=\"wp-image-200\" srcset=\"https:\/\/location.klaerwerk-krefeld.org\/wp-content\/uploads\/2023\/11\/IMG_7449-1-scaled-e1699293055394-1024x363.jpeg 1024w, https:\/\/location.klaerwerk-krefeld.org\/wp-content\/uploads\/2023\/11\/IMG_7449-1-scaled-e1699293055394-300x106.jpeg 300w, https:\/\/location.klaerwerk-krefeld.org\/wp-content\/uploads\/2023\/11\/IMG_7449-1-scaled-e1699293055394-768x272.jpeg 768w, https:\/\/location.klaerwerk-krefeld.org\/wp-content\/uploads\/2023\/11\/IMG_7449-1-scaled-e1699293055394-1536x545.jpeg 1536w, https:\/\/location.klaerwerk-krefeld.org\/wp-content\/uploads\/2023\/11\/IMG_7449-1-scaled-e1699293055394-2048x726.jpeg 2048w\" sizes=\"auto, (max-width: 767px) 89vw, (max-width: 1000px) 54vw, (max-width: 1071px) 543px, 580px\" \/><\/a><\/figure>\n<\/figure>\n\n\n\n<p><\/p>\n","protected":false},"excerpt":{"rendered":"<p>Ein multifunktional nutzbarer Raum mit ann\u00e4hernd 65m3 ist die historische Werkstatt, gelegen zwichen Kl\u00e4r- und Pumpenhalle. Urspr\u00fcnglich wurde hier die Ersatzteile f\u00fcr die Abwasser-Rechen hergestellt. Heute ist hier ein wandelbar Raum, der als Foyer, Empfang, oder aber \u201eKl\u00e4rbar\u201c genutzt werden kann.<\/p>\n","protected":false},"author":1,"featured_media":603,"parent":0,"menu_order":0,"comment_status":"closed","ping_status":"closed","template":"","meta":{"footnotes":""},"class_list":["post-132","page","type-page","status-publish","has-post-thumbnail","hentry"],"_links":{"self":[{"href":"https:\/\/location.klaerwerk-krefeld.org\/index.php\/wp-json\/wp\/v2\/pages\/132","targetHints":{"allow":["GET"]}}],"collection":[{"href":"https:\/\/location.klaerwerk-krefeld.org\/index.php\/wp-json\/wp\/v2\/pages"}],"about":[{"href":"https:\/\/location.klaerwerk-krefeld.org\/index.php\/wp-json\/wp\/v2\/types\/page"}],"author":[{"embeddable":true,"href":"https:\/\/location.klaerwerk-krefeld.org\/index.php\/wp-json\/wp\/v2\/users\/1"}],"replies":[{"embeddable":true,"href":"https:\/\/location.klaerwerk-krefeld.org\/index.php\/wp-json\/wp\/v2\/comments?post=132"}],"version-history":[{"count":14,"href":"https:\/\/location.klaerwerk-krefeld.org\/index.php\/wp-json\/wp\/v2\/pages\/132\/revisions"}],"predecessor-version":[{"id":752,"href":"https:\/\/location.klaerwerk-krefeld.org\/index.php\/wp-json\/wp\/v2\/pages\/132\/revisions\/752"}],"wp:featuredmedia":[{"embeddable":true,"href":"https:\/\/location.klaerwerk-krefeld.org\/index.php\/wp-json\/wp\/v2\/media\/603"}],"wp:attachment":[{"href":"https:\/\/location.klaerwerk-krefeld.org\/index.php\/wp-json\/wp\/v2\/media?parent=132"}],"curies":[{"name":"wp","href":"https:\/\/api.w.org\/{rel}","templated":true}]}}