{"id":358,"date":"2023-12-07T11:50:33","date_gmt":"2023-12-07T10:50:33","guid":{"rendered":"https:\/\/location.klaerwerk-krefeld.org\/?page_id=358"},"modified":"2025-11-29T22:15:37","modified_gmt":"2025-11-29T21:15:37","slug":"kulturelle-veranstaltungen","status":"publish","type":"page","link":"https:\/\/location.klaerwerk-krefeld.org\/index.php\/kulturelle-veranstaltungen\/","title":{"rendered":"Kulturelle \/ gemeinn\u00fctzliche Veranstaltungen"},"content":{"rendered":"\n<p>Das Kl\u00e4rwerk eignet sich f\u00fcr eine Vielzahl an Veranstaltungen. Von <strong>Ausstellungen<\/strong>, \u00fcber <strong>Konzerte<\/strong>, <strong>Theaterauff\u00fchrungen<\/strong>, bis hin zu <strong>Vortr\u00e4gen<\/strong>, <strong>Workshops<\/strong>, <strong>Talkrunden<\/strong> sind die beiden historischen Hallen und das verbindende Foyer ein aussergew\u00f6hnlicher Ort.<\/p>\n\n\n\n<p>Die maximale Besucheranzahl im historischen Kl\u00e4rwerk betr\u00e4gt 199 Personen. Das Geb\u00e4ude verf\u00fcgt \u00fcber Galerieschienen, B\u00fchnenelemente, PA f\u00fcr Musik\/Sprache, Architektur- und B\u00fchnenbeleuchtung, volle Bestuhlung, Konferenz- und Tagungstische, Beamer und Leinw\u00e4nde, Pr\u00e4sentationsdisplays, WLAN, sowie ein eigenes Ticket- und Einlass- System.<\/p>\n\n\n\n<p>Die Institution wird durch private Eigent\u00fcmer und den F\u00f6rderverein zum Erhalt e.V. gemeinschaftlich betrieben.<\/p>\n\n\n\n<h2 class=\"wp-block-heading\"><br>\u00dcberblick<\/h2>\n\n\n\n<p>Das 1909 erbaute Kl\u00e4rwerk geh\u00f6rt zu den \u00e4ltesten erhaltenen Kl\u00e4ranlagen weltweit und ist seit den 1980er-Jahren denkmalgesch\u00fctzt. Heute verbindet es historische Architektur mit moderner Technik \u2013 und bietet eine einzigartige Atmosph\u00e4re f\u00fcr Ausstellungen, Kulturprogramme, Konzerte mit max. 199 Besuchern.<\/p>\n\n\n\n<p><strong>Jugendstil. Industriekultur. Raum f\u00fcr au\u00dfergew\u00f6hnliche Veranstaltungen.<\/strong><\/p>\n\n\n\n<hr class=\"wp-block-separator has-alpha-channel-opacity\"\/>\n\n\n\n<h2 class=\"wp-block-heading\">\ud83c\udfdb\ufe0f R\u00e4ume &amp; Kapazit\u00e4ten<\/h2>\n\n\n\n<h3 class=\"wp-block-heading\"><strong>Gro\u00dfe Halle (Kl\u00e4rhalle)<\/strong><\/h3>\n\n\n\n<ul class=\"wp-block-list\">\n<li>ca. 285 m\u00b2 nutzbar, 17 m hoch<\/li>\n\n\n\n<li>Kapazit\u00e4t: bis 199 Personen<\/li>\n\n\n\n<li>Ideal f\u00fcr Konzerte, gro\u00dfe Ausstellungen, Kulturveranstaltungen<\/li>\n<\/ul>\n\n\n\n<h3 class=\"wp-block-heading\"><strong>Kleine Halle (Pumpenhalle)<\/strong><\/h3>\n\n\n\n<ul class=\"wp-block-list\">\n<li>ca. 125 m\u00b2<\/li>\n\n\n\n<li>100 Personen sitzend \/ 120 stehend<\/li>\n\n\n\n<li>Perfekt f\u00fcr Ausstellungen &amp; kleinere Kulturformate<\/li>\n<\/ul>\n\n\n\n<h3 class=\"wp-block-heading\"><strong>Foyers \/ Kl\u00e4rbar<\/strong><\/h3>\n\n\n\n<ul class=\"wp-block-list\">\n<li>ca. 65 m\u00b2<\/li>\n\n\n\n<li>30\u201340 Personen sitzend \/ bis 80 stehend<\/li>\n\n\n\n<li>Empfang, Catering, Barbereich<\/li>\n<\/ul>\n\n\n\n<h3 class=\"wp-block-heading\"><strong>Au\u00dfengel\u00e4nde<\/strong><\/h3>\n\n\n\n<ul class=\"wp-block-list\">\n<li>ca. 5.000 m\u00b2, inkl. Sanit\u00e4rcontainer und Parkfl\u00e4chen<\/li>\n\n\n\n<li>30 Besucherparkpl\u00e4tze + 5 Personalparkpl\u00e4tze<\/li>\n<\/ul>\n\n\n\n<hr class=\"wp-block-separator has-alpha-channel-opacity\"\/>\n\n\n\n<h2 class=\"wp-block-heading\">\ud83e\uddf1 Denkmalgesch\u00fctzte Besonderheiten<\/h2>\n\n\n\n<p>Die historische Bausubstanz pr\u00e4gt das Erlebnis:<\/p>\n\n\n\n<ul class=\"wp-block-list\">\n<li>Terrazzo-Boden mit originalen Lorenbahnschienen<\/li>\n\n\n\n<li>Offene, mit Gel\u00e4ndern gesicherte Kl\u00e4rkan\u00e4le<\/li>\n\n\n\n<li>Jugendstil-Architektur<\/li>\n\n\n\n<li>Unver\u00e4nderte, originalgetreue Raumwirkung<\/li>\n<\/ul>\n\n\n\n<hr class=\"wp-block-separator has-alpha-channel-opacity\"\/>\n\n\n\n<h2 class=\"wp-block-heading\">\u2699\ufe0f Ausstattung &amp; Technik<\/h2>\n\n\n\n<ul class=\"wp-block-list\">\n<li>Barrierefreier Zugang (Lift)<\/li>\n\n\n\n<li>32A Stromanschl\u00fcsse in allen Hauptr\u00e4umen<\/li>\n\n\n\n<li>WLAN, Brandmeldeanlage, Sicherheits- &amp; Fluchtbeleuchtung<\/li>\n\n\n\n<li>Ebenerdige Anlieferung bis in die Kl\u00e4rhalle<\/li>\n\n\n\n<li>Zwei Innen-WCs + zus\u00e4tzliche Au\u00dfenanlage<\/li>\n\n\n\n<li>Veranstaltungsst\u00e4tte gem\u00e4\u00df Sonderbauverordnung<\/li>\n<\/ul>\n\n\n\n<hr class=\"wp-block-separator has-alpha-channel-opacity\"\/>\n\n\n\n<h2 class=\"wp-block-heading\">\ud83c\udf78 Kl\u00e4rbar &amp; Catering<\/h2>\n\n\n\n<p>Das Kl\u00e4rwerk verf\u00fcgt \u00fcber eine&nbsp;<strong>eigene Gastronomielizenz<\/strong>.<\/p>\n\n\n\n<ul class=\"wp-block-list\">\n<li><strong>Getr\u00e4nke ausschlie\u00dflich \u00fcber die Kl\u00e4rbar<\/strong><\/li>\n\n\n\n<li>Catering ist frei w\u00e4hlbar<\/li>\n\n\n\n<li>Faire Getr\u00e4nkepreise &amp; transparente Abrechnung<\/li>\n\n\n\n<li>Bar- und Servicepersonal ist verf\u00fcgbar<\/li>\n<\/ul>\n\n\n\n<hr class=\"wp-block-separator has-alpha-channel-opacity\"\/>\n\n\n\n<h2 class=\"wp-block-heading\">\ud83c\udfa8 Nutzung &amp; Vermietung<\/h2>\n\n\n\n<p>Das Kl\u00e4rwerk ist offenherzig f\u00fcr gemeinn\u00fctzliche Veranstaltungen:<\/p>\n\n\n\n<ul class=\"wp-block-list\">\n<li>Kunst- und Kulturveranstaltungen<\/li>\n\n\n\n<li>Ausstellungen aller Art<\/li>\n\n\n\n<li>Konzerte &amp; Lesungen<\/li>\n\n\n\n<li>Workshops, Vortr\u00e4ge, Symposien<\/li>\n<\/ul>\n\n\n\n<hr class=\"wp-block-separator has-alpha-channel-opacity\"\/>\n\n\n\n<h2 class=\"wp-block-heading\">\u2795 Add-ons (Beispiele)<\/h2>\n\n\n\n<h3 class=\"wp-block-heading\"><strong>M\u00f6blierung<\/strong><\/h3>\n\n\n\n<ul class=\"wp-block-list\">\n<li>St\u00fchle, Tische, Stehtische<\/li>\n<\/ul>\n\n\n\n<h3 class=\"wp-block-heading\"><strong>Licht &amp; Projektion<\/strong><\/h3>\n\n\n\n<ul class=\"wp-block-list\">\n<li>RGB-Architekturlicht<\/li>\n\n\n\n<li>Hochleistungsprojektoren (Beamer) mit 4000\u201320.000 ANSI<\/li>\n\n\n\n<li>Leinw\u00e4nde f\u00fcr Front- und R\u00fcckprojektion<\/li>\n\n\n\n<li>Monitorwand \/ Displays: ab 20 \u20ac<\/li>\n<\/ul>\n\n\n\n<h3 class=\"wp-block-heading\"><strong>B\u00fchne &amp; Ton<\/strong><\/h3>\n\n\n\n<ul class=\"wp-block-list\">\n<li>B\u00fchnenelemente 1\u00d72m bis zu 24m2<\/li>\n\n\n\n<li>Professionelle Soundanlage mit Funkmikrofonen, Headsets, Kabelmikrofonen, Lautsprechern und Monitoren,, Stagebox, Zuspielern<\/li>\n<\/ul>\n\n\n\n<h3 class=\"wp-block-heading\"><strong>Heizung (Winterhalbjahr)<\/strong><\/h3>\n\n\n\n<ul class=\"wp-block-list\">\n<li>Warmluft- Heizsystem f\u00fcr Events<\/li>\n<\/ul>\n\n\n\n<hr class=\"wp-block-separator has-alpha-channel-opacity\"\/>\n\n\n\n<h2 class=\"wp-block-heading\">\ud83d\udc77 Personal<\/h2>\n\n\n\n<ul class=\"wp-block-list\">\n<li>Servicepersonal f\u00fcr Auf\/Abbau, Betrieb, Gastronomie<\/li>\n\n\n\n<li>Versammlungsst\u00e4ttenleitung<\/li>\n<\/ul>\n\n\n\n<hr class=\"wp-block-separator has-alpha-channel-opacity\"\/>\n\n\n\n<h2 class=\"wp-block-heading\">\ud83c\udf9f\ufe0f Digitales Ticketing<\/h2>\n\n\n\n<p>Auf Wunsch Nutzung des hausinternen Online-Vorverkaufssystems:<\/p>\n\n\n\n<ul class=\"wp-block-list\">\n<li>Mobile Ticket-Scanner<\/li>\n\n\n\n<li>Alle g\u00e4ngigen Zahlungsarten<\/li>\n<\/ul>\n\n\n\n<hr class=\"wp-block-separator has-alpha-channel-opacity\"\/>\n\n\n\n<h2 class=\"wp-block-heading\">\ud83c\udfaf F\u00fcr die Anfrage: eine Checkliste<\/h2>\n\n\n\n<p>F\u00fcr eine reibungslose Planung ben\u00f6tigen wir:<\/p>\n\n\n\n<ul class=\"wp-block-list\">\n<li>Art der Veranstaltung &amp; Inhalt &amp; Zielgruppe <\/li>\n\n\n\n<li>Geplanter Zeitraum &amp; Dauer<\/li>\n\n\n\n<li>Gew\u00fcnschte R\u00e4ume<\/li>\n\n\n\n<li>Technik- &amp; M\u00f6belbedarf<\/li>\n\n\n\n<li>Gesch\u00e4tzte Besucherzahl<\/li>\n\n\n\n<li>Finanzierungskonzept<\/li>\n<\/ul>\n\n\n\n<p><strong>Bitte nutzen Sie dies f\u00fcr ihre erste Anfrage:<\/strong><\/p>\n\n\n\n<div class=\"wp-block-buttons is-layout-flex wp-block-buttons-is-layout-flex\">\n<div class=\"wp-block-button\"><a class=\"wp-block-button__link has-white-color has-vivid-cyan-blue-background-color has-text-color has-background has-link-color wp-element-button\" href=\"https:\/\/www.querfeldeins.org\/angebot_klaerwerk.php?products_id=202541\" style=\"border-radius:9px\">Anfrageformular<\/a><\/div>\n<\/div>\n\n\n\n<hr class=\"wp-block-separator has-alpha-channel-opacity\"\/>\n\n\n\n<h2 class=\"wp-block-heading\">\ud83d\udc65 Betreiber &amp; F\u00f6rderverein<\/h2>\n\n\n\n<h3 class=\"wp-block-heading\"><strong>Eigent\u00fcmergemeinschaft<\/strong><br>Becker u.A. GbR<\/h3>\n\n\n\n<p>Engagement f\u00fcr:<\/p>\n\n\n\n<p>Planung, Instandhaltung &amp; Geb\u00e4udemanagement<br>Verantwortlich f\u00fcr Vermietung &amp; Erhalt<br>Betreiber der Veranstaltungsst\u00e4tte &amp; der Gastronomie<\/p>\n\n\n\n<p><strong>F\u00f6rderverein historisches Kl\u00e4rwerk Krefeld-Uerdingen e. V.<\/strong><\/p>\n\n\n\n<ul class=\"wp-block-list\">\n<li>Engagement f\u00fcr:<\/li>\n\n\n\n<li>Veranstaltungen &amp; Bildung<\/li>\n\n\n\n<li>Kunst &amp; Kultur<\/li>\n\n\n\n<li>Baukultur &amp; Denkmalschutz<\/li>\n\n\n\n<li>Vermittlung &amp; Forschung<\/li>\n<\/ul>\n\n\n\n<p><strong>Veranstaltungsst\u00e4tte<\/strong><br>historisches Kl\u00e4rwerk Krefeld  <br><br>Kontakt:<br><a href=\"mailto:location@klaerwerk-krefeld.org\">location@klaerwerk-krefeld.org<\/a><br><br>Christoph Becker<br>\u202d<a href=\"tel:+4921519718738\u202c\">+49 2151 9718738\u202c<\/a><\/p>\n\n\n\n<p><\/p>\n\n\n\n<p><\/p>\n","protected":false},"excerpt":{"rendered":"<p>Das Kl\u00e4rwerk eignet sich f\u00fcr eine Vielzahl an Veranstaltungen. Von Ausstellungen, \u00fcber Konzerte, Theaterauff\u00fchrungen, bis hin zu Vortr\u00e4gen, Workshops, Talkrunden sind die beiden historischen Hallen und das verbindende Foyer ein aussergew\u00f6hnlicher Ort. Die maximale Besucheranzahl im historischen Kl\u00e4rwerk betr\u00e4gt 199 Personen. Das Geb\u00e4ude verf\u00fcgt \u00fcber Galerieschienen, B\u00fchnenelemente, PA f\u00fcr Musik\/Sprache, Architektur- und B\u00fchnenbeleuchtung, volle Bestuhlung, &hellip; <\/p>\n<p class=\"link-more\"><a href=\"https:\/\/location.klaerwerk-krefeld.org\/index.php\/kulturelle-veranstaltungen\/\" class=\"more-link\"><span class=\"screen-reader-text\">\u201eKulturelle \/ gemeinn\u00fctzliche Veranstaltungen\u201c <\/span>weiterlesen<\/a><\/p>\n","protected":false},"author":1,"featured_media":176,"parent":0,"menu_order":0,"comment_status":"closed","ping_status":"closed","template":"","meta":{"footnotes":""},"class_list":["post-358","page","type-page","status-publish","has-post-thumbnail","hentry"],"_links":{"self":[{"href":"https:\/\/location.klaerwerk-krefeld.org\/index.php\/wp-json\/wp\/v2\/pages\/358","targetHints":{"allow":["GET"]}}],"collection":[{"href":"https:\/\/location.klaerwerk-krefeld.org\/index.php\/wp-json\/wp\/v2\/pages"}],"about":[{"href":"https:\/\/location.klaerwerk-krefeld.org\/index.php\/wp-json\/wp\/v2\/types\/page"}],"author":[{"embeddable":true,"href":"https:\/\/location.klaerwerk-krefeld.org\/index.php\/wp-json\/wp\/v2\/users\/1"}],"replies":[{"embeddable":true,"href":"https:\/\/location.klaerwerk-krefeld.org\/index.php\/wp-json\/wp\/v2\/comments?post=358"}],"version-history":[{"count":34,"href":"https:\/\/location.klaerwerk-krefeld.org\/index.php\/wp-json\/wp\/v2\/pages\/358\/revisions"}],"predecessor-version":[{"id":775,"href":"https:\/\/location.klaerwerk-krefeld.org\/index.php\/wp-json\/wp\/v2\/pages\/358\/revisions\/775"}],"wp:featuredmedia":[{"embeddable":true,"href":"https:\/\/location.klaerwerk-krefeld.org\/index.php\/wp-json\/wp\/v2\/media\/176"}],"wp:attachment":[{"href":"https:\/\/location.klaerwerk-krefeld.org\/index.php\/wp-json\/wp\/v2\/media?parent=358"}],"curies":[{"name":"wp","href":"https:\/\/api.w.org\/{rel}","templated":true}]}}