{"id":414,"date":"2023-12-09T22:17:35","date_gmt":"2023-12-09T21:17:35","guid":{"rendered":"https:\/\/location.klaerwerk-krefeld.org\/?page_id=414"},"modified":"2025-11-29T22:19:26","modified_gmt":"2025-11-29T21:19:26","slug":"private-feiern","status":"publish","type":"page","link":"https:\/\/location.klaerwerk-krefeld.org\/index.php\/private-feiern\/","title":{"rendered":"Private Feiern in einzigartiger Industriekulisse"},"content":{"rendered":"\n<h2 class=\"wp-block-heading\">Ihr besonderer Tag verdient eine au\u00dfergew\u00f6hnliche Location<\/h2>\n\n\n\n<p>Ob runder Geburtstag, Jubil\u00e4um oder private Feier \u2013 das historische Kl\u00e4rwerk Krefeld bietet Ihnen eine unvergleichliche Kulisse f\u00fcr unvergessliche Momente. Feiern Sie mit Familie und Freunden in einem Ambiente, das Geschichte, Charme und festliche Eleganz verbindet.<\/p>\n\n\n\n<h2 class=\"wp-block-heading\">Ein Ort mit Atmosph\u00e4re<\/h2>\n\n\n\n<p>Die imposante Jugendstil-Kl\u00e4ranlage von 1909 begeistert mit hohen Gew\u00f6lben, lichtdurchfluteten Hallen und dem einzigartigen Flair der Industriekultur. Seit 2023 ist dieses denkmalgesch\u00fctzte Geb\u00e4ude als Eventlocation zug\u00e4nglich und z\u00e4hlt nun zu den au\u00dfergew\u00f6hnlichsten Veranstaltungsorten in Nordrhein-Westfalen.<\/p>\n\n\n\n<h2 class=\"wp-block-heading\">Das Kl\u00e4rwerk<\/h2>\n\n\n\n<p>\u2022 Flexible Raumgr\u00f6\u00dfen \u2013 vom gro\u00dfen Kl\u00e4rsaal f\u00fcr bis zu 200 G\u00e4ste bis zur hellen Pumpenhalle f\u00fcr kleinere Gesellschaften.<br>\u2022 Individuelle Gestaltung \u2013 kombinieren Sie die R\u00e4ume oder wechseln Sie w\u00e4hrend der Feier den Ort f\u00fcr Sektempfang, Dinner und Tanz.<br>\u2022 Gen\u00fcgend Platz zum Feiern \u2013 auf 365 qm, oder 110 qm, oder 60qm k\u00f6nnen Sie ausgelassen feiern und tanzen.<br>\u2022 Kulinarische Vielfalt \u2013 Wir bringen Sie mit unseren verl\u00e4\u00dflichen Catering- Partnern zusammen, ob Men\u00fcs, Buffets oder Fingerfood, es wird abgestimmt auf Ihre W\u00fcnsche.<br>\u2022 alles ist Kl\u00e4rbar. Genie\u00dfen Sie erlesene Weine von <a href=\"https:\/\/car-a-vin.de\/ueber-mich\/\" target=\"_blank\" rel=\"noreferrer noopener\">Car a Vin<\/a>, ausgew\u00e4hlte Biere von <a href=\"https:\/\/www.veltins.de\/sortiment\/helles-lager\/\">Veltins<\/a>, <a href=\"https:\/\/www.bolten-brauerei.de\/index.php\">Bolten<\/a>, <a href=\"https:\/\/www.grevensteiner.de\">Grevensteiner<\/a> und lassen sie es ploppen mit Bieren der <a href=\"https:\/\/brauereikoenigshof.de\/#\">Brauerei K\u00f6nigshofer<\/a>, dazu gibt es <a href=\"https:\/\/fritz-kola.com\/de\">Fritz Kola<\/a>. Unsere Kl\u00e4rBar hat individuelle Getr\u00e4nkepakete.<\/p>\n\n\n\n<h2 class=\"wp-block-heading\">Ihr Fest wird zum Erlebnis<\/h2>\n\n\n\n<p>Ob festliches Dinner, lockere Geburtstagsparty oder elegantes Jubil\u00e4um \u2013 das Kl\u00e4rwerk Krefeld macht Ihre private Feier zu einem einzigartigen Erlebnis. Die Kombination aus historischem Industriedenkmal und modernem Service schafft eine Atmosph\u00e4re, die Ihre G\u00e4ste mit Sicherheit begeistern wird.<\/p>\n\n\n\n<figure class=\"wp-block-gallery has-nested-images columns-default is-cropped wp-block-gallery-1 is-layout-flex wp-block-gallery-is-layout-flex\">\n<figure class=\"wp-block-image size-full\"><a href=\"https:\/\/location.klaerwerk-krefeld.org\/wp-content\/uploads\/2023\/12\/IMG_1853-scaled.jpeg\"><img loading=\"lazy\" decoding=\"async\" width=\"2560\" height=\"1920\" data-id=\"404\" src=\"https:\/\/location.klaerwerk-krefeld.org\/wp-content\/uploads\/2023\/12\/IMG_1853-scaled.jpeg\" alt=\"\" class=\"wp-image-404\" srcset=\"https:\/\/location.klaerwerk-krefeld.org\/wp-content\/uploads\/2023\/12\/IMG_1853-scaled.jpeg 2560w, https:\/\/location.klaerwerk-krefeld.org\/wp-content\/uploads\/2023\/12\/IMG_1853-300x225.jpeg 300w, https:\/\/location.klaerwerk-krefeld.org\/wp-content\/uploads\/2023\/12\/IMG_1853-1024x768.jpeg 1024w, https:\/\/location.klaerwerk-krefeld.org\/wp-content\/uploads\/2023\/12\/IMG_1853-768x576.jpeg 768w, https:\/\/location.klaerwerk-krefeld.org\/wp-content\/uploads\/2023\/12\/IMG_1853-1536x1152.jpeg 1536w, https:\/\/location.klaerwerk-krefeld.org\/wp-content\/uploads\/2023\/12\/IMG_1853-2048x1536.jpeg 2048w\" sizes=\"auto, (max-width: 767px) 89vw, (max-width: 1000px) 54vw, (max-width: 1071px) 543px, 580px\" \/><\/a><\/figure>\n\n\n\n<figure class=\"wp-block-image size-full\"><a href=\"https:\/\/location.klaerwerk-krefeld.org\/wp-content\/uploads\/2025\/09\/20231003_185813-1.jpg\"><img loading=\"lazy\" decoding=\"async\" width=\"1068\" height=\"1592\" data-id=\"725\" src=\"https:\/\/location.klaerwerk-krefeld.org\/wp-content\/uploads\/2025\/09\/20231003_185813-1.jpg\" alt=\"\" class=\"wp-image-725\" srcset=\"https:\/\/location.klaerwerk-krefeld.org\/wp-content\/uploads\/2025\/09\/20231003_185813-1.jpg 1068w, https:\/\/location.klaerwerk-krefeld.org\/wp-content\/uploads\/2025\/09\/20231003_185813-1-201x300.jpg 201w, https:\/\/location.klaerwerk-krefeld.org\/wp-content\/uploads\/2025\/09\/20231003_185813-1-687x1024.jpg 687w, https:\/\/location.klaerwerk-krefeld.org\/wp-content\/uploads\/2025\/09\/20231003_185813-1-768x1145.jpg 768w, https:\/\/location.klaerwerk-krefeld.org\/wp-content\/uploads\/2025\/09\/20231003_185813-1-1030x1536.jpg 1030w\" sizes=\"auto, (max-width: 767px) 89vw, (max-width: 1000px) 54vw, (max-width: 1071px) 543px, 580px\" \/><\/a><\/figure>\n\n\n\n<figure class=\"wp-block-image size-full\"><img loading=\"lazy\" decoding=\"async\" width=\"1024\" height=\"768\" data-id=\"728\" src=\"https:\/\/location.klaerwerk-krefeld.org\/wp-content\/uploads\/2025\/09\/8BB1EF22-CFC9-4C4E-8609-BA7D976095F5_1_105_c.jpeg\" alt=\"\" class=\"wp-image-728\" srcset=\"https:\/\/location.klaerwerk-krefeld.org\/wp-content\/uploads\/2025\/09\/8BB1EF22-CFC9-4C4E-8609-BA7D976095F5_1_105_c.jpeg 1024w, https:\/\/location.klaerwerk-krefeld.org\/wp-content\/uploads\/2025\/09\/8BB1EF22-CFC9-4C4E-8609-BA7D976095F5_1_105_c-300x225.jpeg 300w, https:\/\/location.klaerwerk-krefeld.org\/wp-content\/uploads\/2025\/09\/8BB1EF22-CFC9-4C4E-8609-BA7D976095F5_1_105_c-768x576.jpeg 768w\" sizes=\"auto, (max-width: 767px) 89vw, (max-width: 1000px) 54vw, (max-width: 1071px) 543px, 580px\" \/><\/figure>\n\n\n\n<figure class=\"wp-block-image size-full\"><img loading=\"lazy\" decoding=\"async\" width=\"1024\" height=\"768\" data-id=\"727\" src=\"https:\/\/location.klaerwerk-krefeld.org\/wp-content\/uploads\/2025\/09\/6E541950-525D-4F5E-916F-BFDBB774EA26_1_105_c.jpeg\" alt=\"\" class=\"wp-image-727\" srcset=\"https:\/\/location.klaerwerk-krefeld.org\/wp-content\/uploads\/2025\/09\/6E541950-525D-4F5E-916F-BFDBB774EA26_1_105_c.jpeg 1024w, https:\/\/location.klaerwerk-krefeld.org\/wp-content\/uploads\/2025\/09\/6E541950-525D-4F5E-916F-BFDBB774EA26_1_105_c-300x225.jpeg 300w, https:\/\/location.klaerwerk-krefeld.org\/wp-content\/uploads\/2025\/09\/6E541950-525D-4F5E-916F-BFDBB774EA26_1_105_c-768x576.jpeg 768w\" sizes=\"auto, (max-width: 767px) 89vw, (max-width: 1000px) 54vw, (max-width: 1071px) 543px, 580px\" \/><\/figure>\n\n\n\n<figure class=\"wp-block-image size-full\"><img loading=\"lazy\" decoding=\"async\" width=\"1024\" height=\"768\" data-id=\"726\" src=\"https:\/\/location.klaerwerk-krefeld.org\/wp-content\/uploads\/2025\/09\/F810B861-5CD4-44BB-9FCE-21D401B25E5E_1_105_c.jpeg\" alt=\"\" class=\"wp-image-726\" srcset=\"https:\/\/location.klaerwerk-krefeld.org\/wp-content\/uploads\/2025\/09\/F810B861-5CD4-44BB-9FCE-21D401B25E5E_1_105_c.jpeg 1024w, https:\/\/location.klaerwerk-krefeld.org\/wp-content\/uploads\/2025\/09\/F810B861-5CD4-44BB-9FCE-21D401B25E5E_1_105_c-300x225.jpeg 300w, https:\/\/location.klaerwerk-krefeld.org\/wp-content\/uploads\/2025\/09\/F810B861-5CD4-44BB-9FCE-21D401B25E5E_1_105_c-768x576.jpeg 768w\" sizes=\"auto, (max-width: 767px) 89vw, (max-width: 1000px) 54vw, (max-width: 1071px) 543px, 580px\" \/><\/figure>\n\n\n\n<figure class=\"wp-block-image size-full\"><img loading=\"lazy\" decoding=\"async\" width=\"768\" height=\"1024\" data-id=\"729\" src=\"https:\/\/location.klaerwerk-krefeld.org\/wp-content\/uploads\/2025\/09\/3A341FE5-5532-4152-A03E-FCEEA7FDEE6C_1_105_c.jpeg\" alt=\"\" class=\"wp-image-729\" srcset=\"https:\/\/location.klaerwerk-krefeld.org\/wp-content\/uploads\/2025\/09\/3A341FE5-5532-4152-A03E-FCEEA7FDEE6C_1_105_c.jpeg 768w, https:\/\/location.klaerwerk-krefeld.org\/wp-content\/uploads\/2025\/09\/3A341FE5-5532-4152-A03E-FCEEA7FDEE6C_1_105_c-225x300.jpeg 225w\" sizes=\"auto, (max-width: 767px) 89vw, (max-width: 1000px) 54vw, (max-width: 1071px) 543px, 580px\" \/><\/figure>\n<\/figure>\n\n\n\n<p>Bitte fragen Sie hier ihre Veranstaltung an:<\/p>\n\n\n\n<div class=\"wp-block-buttons is-layout-flex wp-block-buttons-is-layout-flex\">\n<div class=\"wp-block-button\"><a class=\"wp-block-button__link has-white-color has-vivid-cyan-blue-background-color has-text-color has-background has-link-color wp-element-button\" href=\"https:\/\/www.querfeldeins.org\/angebot_klaerwerk.php?products_id=202541\" style=\"border-radius:13px\">Anfrageformular<\/a><\/div>\n<\/div>\n\n\n\n<h2 class=\"wp-block-heading\"><strong>Kontakt<\/strong><\/h2>\n\n\n\n<p><br>Tel: \u202d<a href=\"tel:\u202d+4921519718738\u202c\">+49 2151 9718738\u202c<\/a><br><a href=\"mailto:christoph.becker@klaerwerk-krefeld.org\">location@klaerwerk-krefeld.org<\/a><\/p>\n","protected":false},"excerpt":{"rendered":"<p>Ihr besonderer Tag verdient eine au\u00dfergew\u00f6hnliche Location Ob runder Geburtstag, Jubil\u00e4um oder private Feier \u2013 das historische Kl\u00e4rwerk Krefeld bietet Ihnen eine unvergleichliche Kulisse f\u00fcr unvergessliche Momente. Feiern Sie mit Familie und Freunden in einem Ambiente, das Geschichte, Charme und festliche Eleganz verbindet. Ein Ort mit Atmosph\u00e4re Die imposante Jugendstil-Kl\u00e4ranlage von 1909 begeistert mit hohen &hellip; <\/p>\n<p class=\"link-more\"><a href=\"https:\/\/location.klaerwerk-krefeld.org\/index.php\/private-feiern\/\" class=\"more-link\"><span class=\"screen-reader-text\">\u201ePrivate Feiern in einzigartiger Industriekulisse\u201c <\/span>weiterlesen<\/a><\/p>\n","protected":false},"author":1,"featured_media":48,"parent":0,"menu_order":0,"comment_status":"closed","ping_status":"closed","template":"","meta":{"footnotes":""},"class_list":["post-414","page","type-page","status-publish","has-post-thumbnail","hentry"],"_links":{"self":[{"href":"https:\/\/location.klaerwerk-krefeld.org\/index.php\/wp-json\/wp\/v2\/pages\/414","targetHints":{"allow":["GET"]}}],"collection":[{"href":"https:\/\/location.klaerwerk-krefeld.org\/index.php\/wp-json\/wp\/v2\/pages"}],"about":[{"href":"https:\/\/location.klaerwerk-krefeld.org\/index.php\/wp-json\/wp\/v2\/types\/page"}],"author":[{"embeddable":true,"href":"https:\/\/location.klaerwerk-krefeld.org\/index.php\/wp-json\/wp\/v2\/users\/1"}],"replies":[{"embeddable":true,"href":"https:\/\/location.klaerwerk-krefeld.org\/index.php\/wp-json\/wp\/v2\/comments?post=414"}],"version-history":[{"count":13,"href":"https:\/\/location.klaerwerk-krefeld.org\/index.php\/wp-json\/wp\/v2\/pages\/414\/revisions"}],"predecessor-version":[{"id":778,"href":"https:\/\/location.klaerwerk-krefeld.org\/index.php\/wp-json\/wp\/v2\/pages\/414\/revisions\/778"}],"wp:featuredmedia":[{"embeddable":true,"href":"https:\/\/location.klaerwerk-krefeld.org\/index.php\/wp-json\/wp\/v2\/media\/48"}],"wp:attachment":[{"href":"https:\/\/location.klaerwerk-krefeld.org\/index.php\/wp-json\/wp\/v2\/media?parent=414"}],"curies":[{"name":"wp","href":"https:\/\/api.w.org\/{rel}","templated":true}]}}